{"id":4090,"date":"2025-08-24T03:39:41","date_gmt":"2025-08-24T01:39:41","guid":{"rendered":"https:\/\/cerotres.shop\/?post_type=product&#038;p=4090"},"modified":"2026-01-13T02:27:59","modified_gmt":"2026-01-13T01:27:59","slug":"short-nina-magento","status":"publish","type":"product","link":"https:\/\/cerotres.shop\/?product=short-nina-magento","title":{"rendered":"Short Ni\u00f1a Magenta"},"content":{"rendered":"<div><strong>Caracter\u00edsticas principales<\/strong><\/div>\n<ul>\n<li>Algod\u00f3n French Terry 100%: suave, fresco y transpirable<\/li>\n<li>Dise\u00f1o sin bolsillos: m\u00e1s pr\u00e1ctico y ligero<\/li>\n<li>Cintura el\u00e1stica c\u00f3moda y adaptable<\/li>\n<li>Lazo decorativo en la parte frontal: delicado y femenino<\/li>\n<li>Costuras reforzadas para mayor durabilidad<\/li>\n<li>Dise\u00f1o vers\u00e1til: combina con bodys y camisetas<\/li>\n<li>Resisten uso y lavados frecuentes manteniendo forma y suavidad<\/li>\n<\/ul>\n<div><strong>Cuidado y conservaci\u00f3n\u00a0<\/strong><\/div>\n<div>Para conservar la textura y el color impecable:<\/div>\n<ul>\n<li>Lavar a mano o en ciclo delicado con agua fr\u00eda<\/li>\n<li>No usar blanqueadores ni detergentes abrasivos<\/li>\n<li>Secar al aire libre o en m\u00e1quina a baja temperatura<\/li>\n<li>Planchar a temperatura media, de preferencia al rev\u00e9s<\/li>\n<li>No lavar en seco<\/li>\n<\/ul>\n<p><strong>Tallas\u00a0 y medidas<\/strong><\/p>\n<p><img fetchpriority=\"high\" decoding=\"async\" class=\"alignnone  wp-image-4916\" src=\"https:\/\/cerotres.shop\/wp-content\/uploads\/2025\/08\/Tallas-CeroTres-300x117.png\" alt=\"\" width=\"387\" height=\"151\" srcset=\"https:\/\/cerotres.shop\/wp-content\/uploads\/2025\/08\/Tallas-CeroTres-300x117.png 300w, https:\/\/cerotres.shop\/wp-content\/uploads\/2025\/08\/Tallas-CeroTres-768x299.png 768w, https:\/\/cerotres.shop\/wp-content\/uploads\/2025\/08\/Tallas-CeroTres-600x234.png 600w, https:\/\/cerotres.shop\/wp-content\/uploads\/2025\/08\/Tallas-CeroTres.png 790w\" sizes=\"(max-width: 387px) 100vw, 387px\" \/><\/p>\n","protected":false},"excerpt":{"rendered":"<p>Nuestros shorts de ni\u00f1a combinan frescura y ternura en cada detalle. Confeccionados en 100% algod\u00f3n French Terry, un tejido ligero, suave y transpirable, son ideales para climas c\u00e1lidos y para acompa\u00f1ar a tu peque\u00f1a en sus d\u00edas m\u00e1s activos.<\/p>\n<p>El dise\u00f1o sin bolsillos los hace c\u00f3modos y pr\u00e1cticos, mientras que el lazo en la cintura aporta un toque delicado y femenino. Vers\u00e1tiles y f\u00e1ciles de combinar con cualquier body o camiseta de cerotres, se convierten en un b\u00e1sico encantador para el d\u00eda a d\u00eda.<\/p>\n","protected":false},"featured_media":4824,"comment_status":"closed","ping_status":"closed","template":"","meta":[],"product_brand":[],"product_cat":[21,52],"product_tag":[],"class_list":{"0":"post-4090","1":"product","2":"type-product","3":"status-publish","4":"has-post-thumbnail","6":"product_cat-nina","7":"product_cat-shorts_nina","9":"first","10":"instock","11":"shipping-taxable","12":"purchasable","13":"product-type-variable"},"_links":{"self":[{"href":"https:\/\/cerotres.shop\/index.php?rest_route=\/wp\/v2\/product\/4090","targetHints":{"allow":["GET"]}}],"collection":[{"href":"https:\/\/cerotres.shop\/index.php?rest_route=\/wp\/v2\/product"}],"about":[{"href":"https:\/\/cerotres.shop\/index.php?rest_route=\/wp\/v2\/types\/product"}],"replies":[{"embeddable":true,"href":"https:\/\/cerotres.shop\/index.php?rest_route=%2Fwp%2Fv2%2Fcomments&post=4090"}],"wp:featuredmedia":[{"embeddable":true,"href":"https:\/\/cerotres.shop\/index.php?rest_route=\/wp\/v2\/media\/4824"}],"wp:attachment":[{"href":"https:\/\/cerotres.shop\/index.php?rest_route=%2Fwp%2Fv2%2Fmedia&parent=4090"}],"wp:term":[{"taxonomy":"product_brand","embeddable":true,"href":"https:\/\/cerotres.shop\/index.php?rest_route=%2Fwp%2Fv2%2Fproduct_brand&post=4090"},{"taxonomy":"product_cat","embeddable":true,"href":"https:\/\/cerotres.shop\/index.php?rest_route=%2Fwp%2Fv2%2Fproduct_cat&post=4090"},{"taxonomy":"product_tag","embeddable":true,"href":"https:\/\/cerotres.shop\/index.php?rest_route=%2Fwp%2Fv2%2Fproduct_tag&post=4090"}],"curies":[{"name":"wp","href":"https:\/\/api.w.org\/{rel}","templated":true}]}}