{"id":3979,"date":"2025-08-24T03:16:51","date_gmt":"2025-08-24T01:16:51","guid":{"rendered":"https:\/\/cerotres.shop\/?post_type=product&#038;p=3979"},"modified":"2026-01-13T02:14:30","modified_gmt":"2026-01-13T01:14:30","slug":"pantalon-nino-verde-botella","status":"publish","type":"product","link":"https:\/\/cerotres.shop\/?product=pantalon-nino-verde-botella","title":{"rendered":"Pantal\u00f3n Ni\u00f1o Verde Botella"},"content":{"rendered":"<div><strong>Caracter\u00edsticas principales<\/strong><\/div>\n<ul>\n<li>Algod\u00f3n pima 100%: suave, fresco y duradero<\/li>\n<li>Hipoalerg\u00e9nicos: cuidan la piel sensible del beb\u00e9<\/li>\n<li>Antipilling: no forman pelotitas con el uso ni el lavado<\/li>\n<li>Costuras reforzadas, delicadas al tacto<\/li>\n<li>Cintura el\u00e1stica suave, c\u00f3moda y adaptable<\/li>\n<li>Cord\u00f3n decorativo en la cintura: detalle moderno y pr\u00e1ctico<\/li>\n<li>Dise\u00f1o vers\u00e1til y atemporal, combina con bodies cerotres<\/li>\n<li>Resisten uso y lavados continuos, conservando color y textura<\/li>\n<\/ul>\n<div><strong>Cuidado de la prenda<\/strong><\/div>\n<div>Para conservar la textura y el color impecable:<\/div>\n<ul>\n<li>Lavar a mano o en ciclo delicado con agua fr\u00eda<\/li>\n<li>No usar blanqueadores ni detergentes abrasivos<\/li>\n<li>Secar a baja temperatura<\/li>\n<li>Planchar a temperatura media, de preferencia al rev\u00e9s<\/li>\n<li>No lavar en seco<\/li>\n<\/ul>\n<p><strong>Tallas y Medidas<\/strong><\/p>\n<p><img fetchpriority=\"high\" decoding=\"async\" class=\"alignnone  wp-image-4916\" src=\"https:\/\/cerotres.shop\/wp-content\/uploads\/2025\/08\/Tallas-CeroTres-300x117.png\" alt=\"\" width=\"387\" height=\"151\" srcset=\"https:\/\/cerotres.shop\/wp-content\/uploads\/2025\/08\/Tallas-CeroTres-300x117.png 300w, https:\/\/cerotres.shop\/wp-content\/uploads\/2025\/08\/Tallas-CeroTres-768x299.png 768w, https:\/\/cerotres.shop\/wp-content\/uploads\/2025\/08\/Tallas-CeroTres-600x234.png 600w, https:\/\/cerotres.shop\/wp-content\/uploads\/2025\/08\/Tallas-CeroTres.png 790w\" sizes=\"(max-width: 387px) 100vw, 387px\" \/><\/p>\n","protected":false},"excerpt":{"rendered":"<p>Nuestros pantalones de algod\u00f3n pima 100% combinan practicidad, comodidad y resistencia para el d\u00eda a d\u00eda. Su tejido hipoalerg\u00e9nico protege la piel sensible del beb\u00e9 y mantiene una textura premium gracias a la tecnolog\u00eda antipilling, que evita la formaci\u00f3n de pelotitas tras los lavados.<\/p>\n<p>La cintura el\u00e1stica ofrece un ajuste c\u00f3modo y f\u00e1cil de usar, mientras que el cord\u00f3n decorativo a\u00f1ade un toque moderno y masculino. Un dise\u00f1o vers\u00e1til y atemporal, ideal para combinar con cualquier body cerotres.<\/p>\n","protected":false},"featured_media":4815,"comment_status":"closed","ping_status":"closed","template":"","meta":[],"product_brand":[],"product_cat":[20,55],"product_tag":[],"class_list":{"0":"post-3979","1":"product","2":"type-product","3":"status-publish","4":"has-post-thumbnail","6":"product_cat-nino","7":"product_cat-pantalones_nino","9":"first","10":"instock","11":"shipping-taxable","12":"purchasable","13":"product-type-variable"},"_links":{"self":[{"href":"https:\/\/cerotres.shop\/index.php?rest_route=\/wp\/v2\/product\/3979","targetHints":{"allow":["GET"]}}],"collection":[{"href":"https:\/\/cerotres.shop\/index.php?rest_route=\/wp\/v2\/product"}],"about":[{"href":"https:\/\/cerotres.shop\/index.php?rest_route=\/wp\/v2\/types\/product"}],"replies":[{"embeddable":true,"href":"https:\/\/cerotres.shop\/index.php?rest_route=%2Fwp%2Fv2%2Fcomments&post=3979"}],"wp:featuredmedia":[{"embeddable":true,"href":"https:\/\/cerotres.shop\/index.php?rest_route=\/wp\/v2\/media\/4815"}],"wp:attachment":[{"href":"https:\/\/cerotres.shop\/index.php?rest_route=%2Fwp%2Fv2%2Fmedia&parent=3979"}],"wp:term":[{"taxonomy":"product_brand","embeddable":true,"href":"https:\/\/cerotres.shop\/index.php?rest_route=%2Fwp%2Fv2%2Fproduct_brand&post=3979"},{"taxonomy":"product_cat","embeddable":true,"href":"https:\/\/cerotres.shop\/index.php?rest_route=%2Fwp%2Fv2%2Fproduct_cat&post=3979"},{"taxonomy":"product_tag","embeddable":true,"href":"https:\/\/cerotres.shop\/index.php?rest_route=%2Fwp%2Fv2%2Fproduct_tag&post=3979"}],"curies":[{"name":"wp","href":"https:\/\/api.w.org\/{rel}","templated":true}]}}