{"id":3127,"date":"2024-02-08T07:14:59","date_gmt":"2024-02-08T07:14:59","guid":{"rendered":"https:\/\/startersites.io\/elementor\/garderobe\/?page_id=3127"},"modified":"2025-09-02T02:58:21","modified_gmt":"2025-09-02T00:58:21","slug":"about-us","status":"publish","type":"page","link":"https:\/\/cerotres.shop\/?page_id=3127","title":{"rendered":"About Us"},"content":{"rendered":"\t\t<div data-elementor-type=\"wp-page\" data-elementor-id=\"3127\" class=\"elementor elementor-3127\">\n\t\t\t\t<div class=\"elementor-element elementor-element-64eeb52 e-con-full e-flex e-con e-parent\" data-id=\"64eeb52\" data-element_type=\"container\" data-settings=\"{&quot;background_background&quot;:&quot;classic&quot;}\">\n\t\t<div class=\"elementor-element elementor-element-fb38dbf e-con-full e-flex e-con e-child\" data-id=\"fb38dbf\" data-element_type=\"container\">\n\t\t\t\t<div class=\"elementor-element elementor-element-95579ad elementor-widget elementor-widget-image\" data-id=\"95579ad\" data-element_type=\"widget\" data-widget_type=\"image.default\">\n\t\t\t\t<div class=\"elementor-widget-container\">\n\t\t\t\t\t\t\t\t\t\t\t\t\t\t\t<img fetchpriority=\"high\" decoding=\"async\" width=\"1024\" height=\"663\" src=\"https:\/\/cerotres.shop\/wp-content\/uploads\/2025\/08\/Portada-1-1024x663.jpg\" class=\"attachment-large size-large wp-image-4185\" alt=\"\" srcset=\"https:\/\/cerotres.shop\/wp-content\/uploads\/2025\/08\/Portada-1-1024x663.jpg 1024w, https:\/\/cerotres.shop\/wp-content\/uploads\/2025\/08\/Portada-1-300x194.jpg 300w, https:\/\/cerotres.shop\/wp-content\/uploads\/2025\/08\/Portada-1-768x497.jpg 768w, https:\/\/cerotres.shop\/wp-content\/uploads\/2025\/08\/Portada-1-1536x995.jpg 1536w, https:\/\/cerotres.shop\/wp-content\/uploads\/2025\/08\/Portada-1-2048x1326.jpg 2048w, https:\/\/cerotres.shop\/wp-content\/uploads\/2025\/08\/Portada-1-600x389.jpg 600w\" sizes=\"(max-width: 1024px) 100vw, 1024px\" \/>\t\t\t\t\t\t\t\t\t\t\t\t\t\t\t<\/div>\n\t\t\t\t<\/div>\n\t\t\t\t<\/div>\n\t\t<div class=\"elementor-element elementor-element-2d94536 e-con-full e-flex e-con e-child\" data-id=\"2d94536\" data-element_type=\"container\">\n\t\t\t\t<div class=\"elementor-element elementor-element-c4ae403 elementor-widget elementor-widget-heading\" data-id=\"c4ae403\" data-element_type=\"widget\" data-widget_type=\"heading.default\">\n\t\t\t\t<div class=\"elementor-widget-container\">\n\t\t\t\t\t<h2 class=\"elementor-heading-title elementor-size-default\">Nuestro Inicio<\/h2>\t\t\t\t<\/div>\n\t\t\t\t<\/div>\n\t\t<div class=\"elementor-element elementor-element-ef5585c e-con-full e-flex e-con e-child\" data-id=\"ef5585c\" data-element_type=\"container\">\n\t\t\t\t<div class=\"elementor-element elementor-element-5e6ef9e elementor-widget elementor-widget-text-editor\" data-id=\"5e6ef9e\" data-element_type=\"widget\" data-widget_type=\"text-editor.default\">\n\t\t\t\t<div class=\"elementor-widget-container\">\n\t\t\t\t\t\t\t\t\t<p>CeroTres nace en casa, en la rutina real de una mam\u00e1 de trillizos. Es ropa creada desde la experiencia, pensada para pieles delicadas, para beb\u00e9s que se mueven, exploran, que necesitan suavidad todo el d\u00eda. <br>Usamos algod\u00f3n 100% Pima y telas naturales, porque la calidad es fundamental para nosotros. Nuestras prendas son b\u00e1sicos hechos sin estampas, ni excesos, solo lo esencial.<br>CeroTres no es una marca cualquiera, son prendas que realmente usamos, que lavamos cien veces y siguen intactas. Antes de llegar a ti pas\u00f3 por lo m\u00e1s exigente, la piel de Natalia, Alejandro y Sof\u00eda. Si a ellos les funcion\u00f3, estoy segura de que&nbsp;a&nbsp;ti&nbsp;tambi\u00e9n.<\/p>\t\t\t\t\t\t\t\t<\/div>\n\t\t\t\t<\/div>\n\t\t\t\t<\/div>\n\t\t\t\t<\/div>\n\t\t\t\t<\/div>\n\t\t<div class=\"elementor-element elementor-element-e548f18 e-flex e-con-boxed e-con e-parent\" data-id=\"e548f18\" data-element_type=\"container\">\n\t\t\t\t\t<div class=\"e-con-inner\">\n\t\t<div class=\"elementor-element elementor-element-a452b15 e-con-full e-flex e-con e-child\" data-id=\"a452b15\" data-element_type=\"container\">\n\t\t\t\t<div class=\"elementor-element elementor-element-eb51478 elementor-widget elementor-widget-heading\" data-id=\"eb51478\" data-element_type=\"widget\" data-widget_type=\"heading.default\">\n\t\t\t\t<div class=\"elementor-widget-container\">\n\t\t\t\t\t<h5 class=\"elementor-heading-title elementor-size-default\">S\u00edguenos en nuestras redes sociales<\/h5>\t\t\t\t<\/div>\n\t\t\t\t<\/div>\n\t\t\t\t<\/div>\n\t\t<div class=\"elementor-element elementor-element-62b1564 e-con-full e-flex e-con e-child\" data-id=\"62b1564\" data-element_type=\"container\">\n\t\t\t\t<div class=\"elementor-element elementor-element-2002835 elementor-shape-rounded elementor-grid-0 e-grid-align-center elementor-widget elementor-widget-social-icons\" data-id=\"2002835\" data-element_type=\"widget\" data-widget_type=\"social-icons.default\">\n\t\t\t\t<div class=\"elementor-widget-container\">\n\t\t\t\t\t\t\t<div class=\"elementor-social-icons-wrapper elementor-grid\" role=\"list\">\n\t\t\t\t\t\t\t<span class=\"elementor-grid-item\" role=\"listitem\">\n\t\t\t\t\t<a class=\"elementor-icon elementor-social-icon elementor-social-icon-facebook elementor-repeater-item-61b1c01\" href=\"https:\/\/www.facebook.com\/share\/1FUibKDHeo\/?mibextid=wwXIfr\" target=\"_blank\">\n\t\t\t\t\t\t<span class=\"elementor-screen-only\">Facebook<\/span>\n\t\t\t\t\t\t<svg aria-hidden=\"true\" class=\"e-font-icon-svg e-fab-facebook\" viewBox=\"0 0 512 512\" xmlns=\"http:\/\/www.w3.org\/2000\/svg\"><path d=\"M504 256C504 119 393 8 256 8S8 119 8 256c0 123.78 90.69 226.38 209.25 245V327.69h-63V256h63v-54.64c0-62.15 37-96.48 93.67-96.48 27.14 0 55.52 4.84 55.52 4.84v61h-31.28c-30.8 0-40.41 19.12-40.41 38.73V256h68.78l-11 71.69h-57.78V501C413.31 482.38 504 379.78 504 256z\"><\/path><\/svg>\t\t\t\t\t<\/a>\n\t\t\t\t<\/span>\n\t\t\t\t\t\t\t<span class=\"elementor-grid-item\" role=\"listitem\">\n\t\t\t\t\t<a class=\"elementor-icon elementor-social-icon elementor-social-icon-instagram elementor-repeater-item-75101a0\" href=\"https:\/\/www.instagram.com\/cerotres.shop?igsh=dDNiZGxhNTdlZHNw&#038;utm_source=qr\" target=\"_blank\">\n\t\t\t\t\t\t<span class=\"elementor-screen-only\">Instagram<\/span>\n\t\t\t\t\t\t<svg aria-hidden=\"true\" class=\"e-font-icon-svg e-fab-instagram\" viewBox=\"0 0 448 512\" xmlns=\"http:\/\/www.w3.org\/2000\/svg\"><path d=\"M224.1 141c-63.6 0-114.9 51.3-114.9 114.9s51.3 114.9 114.9 114.9S339 319.5 339 255.9 287.7 141 224.1 141zm0 189.6c-41.1 0-74.7-33.5-74.7-74.7s33.5-74.7 74.7-74.7 74.7 33.5 74.7 74.7-33.6 74.7-74.7 74.7zm146.4-194.3c0 14.9-12 26.8-26.8 26.8-14.9 0-26.8-12-26.8-26.8s12-26.8 26.8-26.8 26.8 12 26.8 26.8zm76.1 27.2c-1.7-35.9-9.9-67.7-36.2-93.9-26.2-26.2-58-34.4-93.9-36.2-37-2.1-147.9-2.1-184.9 0-35.8 1.7-67.6 9.9-93.9 36.1s-34.4 58-36.2 93.9c-2.1 37-2.1 147.9 0 184.9 1.7 35.9 9.9 67.7 36.2 93.9s58 34.4 93.9 36.2c37 2.1 147.9 2.1 184.9 0 35.9-1.7 67.7-9.9 93.9-36.2 26.2-26.2 34.4-58 36.2-93.9 2.1-37 2.1-147.8 0-184.8zM398.8 388c-7.8 19.6-22.9 34.7-42.6 42.6-29.5 11.7-99.5 9-132.1 9s-102.7 2.6-132.1-9c-19.6-7.8-34.7-22.9-42.6-42.6-11.7-29.5-9-99.5-9-132.1s-2.6-102.7 9-132.1c7.8-19.6 22.9-34.7 42.6-42.6 29.5-11.7 99.5-9 132.1-9s102.7-2.6 132.1 9c19.6 7.8 34.7 22.9 42.6 42.6 11.7 29.5 9 99.5 9 132.1s2.7 102.7-9 132.1z\"><\/path><\/svg>\t\t\t\t\t<\/a>\n\t\t\t\t<\/span>\n\t\t\t\t\t\t\t<span class=\"elementor-grid-item\" role=\"listitem\">\n\t\t\t\t\t<a class=\"elementor-icon elementor-social-icon elementor-social-icon-tiktok elementor-repeater-item-27cd0b2\" href=\"https:\/\/www.tiktok.com\/@cerotresshop?_t=ZM-8zLmNaOTAvt&#038;_r=1\" target=\"_blank\">\n\t\t\t\t\t\t<span class=\"elementor-screen-only\">Tiktok<\/span>\n\t\t\t\t\t\t<svg aria-hidden=\"true\" class=\"e-font-icon-svg e-fab-tiktok\" viewBox=\"0 0 448 512\" xmlns=\"http:\/\/www.w3.org\/2000\/svg\"><path d=\"M448,209.91a210.06,210.06,0,0,1-122.77-39.25V349.38A162.55,162.55,0,1,1,185,188.31V278.2a74.62,74.62,0,1,0,52.23,71.18V0l88,0a121.18,121.18,0,0,0,1.86,22.17h0A122.18,122.18,0,0,0,381,102.39a121.43,121.43,0,0,0,67,20.14Z\"><\/path><\/svg>\t\t\t\t\t<\/a>\n\t\t\t\t<\/span>\n\t\t\t\t\t<\/div>\n\t\t\t\t\t\t<\/div>\n\t\t\t\t<\/div>\n\t\t\t\t<\/div>\n\t\t\t\t\t<\/div>\n\t\t\t\t<\/div>\n\t\t\t\t<\/div>\n\t\t","protected":false},"excerpt":{"rendered":"<p>Nuestro Inicio CeroTres nace en casa, en la rutina real de una mam\u00e1 de trillizos. Es ropa creada desde la experiencia, pensada para pieles delicadas, para beb\u00e9s que se mueven, exploran, que necesitan suavidad todo el d\u00eda. Usamos algod\u00f3n 100% Pima y telas naturales, porque la calidad es fundamental para nosotros. Nuestras prendas son b\u00e1sicos [&hellip;]<\/p>\n","protected":false},"author":1,"featured_media":0,"parent":0,"menu_order":0,"comment_status":"closed","ping_status":"closed","template":"","meta":{"footnotes":""},"class_list":["post-3127","page","type-page","status-publish","hentry"],"blocksy_meta":{"has_hero_section":"disabled","vertical_spacing_source":"custom","content_area_spacing":"none","styles_descriptor":{"styles":{"desktop":"","tablet":"","mobile":""},"google_fonts":[],"version":6}},"_links":{"self":[{"href":"https:\/\/cerotres.shop\/index.php?rest_route=\/wp\/v2\/pages\/3127","targetHints":{"allow":["GET"]}}],"collection":[{"href":"https:\/\/cerotres.shop\/index.php?rest_route=\/wp\/v2\/pages"}],"about":[{"href":"https:\/\/cerotres.shop\/index.php?rest_route=\/wp\/v2\/types\/page"}],"author":[{"embeddable":true,"href":"https:\/\/cerotres.shop\/index.php?rest_route=\/wp\/v2\/users\/1"}],"replies":[{"embeddable":true,"href":"https:\/\/cerotres.shop\/index.php?rest_route=%2Fwp%2Fv2%2Fcomments&post=3127"}],"version-history":[{"count":126,"href":"https:\/\/cerotres.shop\/index.php?rest_route=\/wp\/v2\/pages\/3127\/revisions"}],"predecessor-version":[{"id":4905,"href":"https:\/\/cerotres.shop\/index.php?rest_route=\/wp\/v2\/pages\/3127\/revisions\/4905"}],"wp:attachment":[{"href":"https:\/\/cerotres.shop\/index.php?rest_route=%2Fwp%2Fv2%2Fmedia&parent=3127"}],"curies":[{"name":"wp","href":"https:\/\/api.w.org\/{rel}","templated":true}]}}